{"id":787,"date":"2015-03-15T11:38:42","date_gmt":"2015-03-15T09:38:42","guid":{"rendered":"http:\/\/www.ilbstory.com\/blog-photographe\/?page_id=787"},"modified":"2024-03-10T15:59:03","modified_gmt":"2024-03-10T14:59:03","slug":"presentation","status":"publish","type":"page","link":"https:\/\/www.ilbstory.com\/blog-photographe\/presentation\/","title":{"rendered":"Pr\u00e9sentation"},"content":{"rendered":"<div class=\"wpb-content-wrapper\"><p>[vc_row][vc_column][vc_custom_heading heading_semantic=\u00a0\u00bbh1&Prime; text_font=\u00a0\u00bbfont-169825&Prime; text_size=\u00a0\u00bbh1&Prime; uncode_shortcode_id=\u00a0\u00bb205459&Prime;]<\/p>\n<h1>Ilbstory : Rencontre avec un photographe de mariage \u00e0 Lyon<\/h1>\n<p>[\/vc_custom_heading][vc_custom_heading text_font=\u00a0\u00bbfont-169825&Prime; uncode_shortcode_id=\u00a0\u00bb189540&Prime;]<\/p>\n<h2>Photographe mariage Lyon : Une passion professionnelle<\/h2>\n<p>[\/vc_custom_heading][vc_column_text uncode_shortcode_id=\u00a0\u00bb188030&Prime;]Dans ma qu\u00eate de partager une introduction authentique, loin des clich\u00e9s, je cherche les mots qui r\u00e9sonneront avec vous, r\u00e9v\u00e9lant non seulement qui je suis mais aussi la passion qui anime mon travail en tant que <a href=\"https:\/\/www.ilbstory.com\/\" target=\"_blank\" rel=\"noopener\">photographe de mariage \u00e0 Lyon<\/a>. La photographie, plus qu&rsquo;un m\u00e9tier, est pour moi une expression de l&rsquo;\u00e2me et une aventure continue de d\u00e9couverte. Sp\u00e9cialis\u00e9 dans le mariage \u00e0 Lyon, je m&rsquo;efforce de capturer les moments les plus pr\u00e9cieux de votre grand jour avec une sensibilit\u00e9 unique.<\/p>\n<h2><span style=\"font-size: 18pt;\">Origines et inspiration : La fondation de mon art en photographie<\/span><\/h2>\n<p>Je suis Ilyes, issu d&rsquo;une famille o\u00f9 l&rsquo;art et la couture fa\u00e7onnaient notre quotidien. Cette ambiance cr\u00e9ative m&rsquo;a naturellement orient\u00e9 vers la photographie, un domaine o\u00f9, en tant que photographe de mariage, je peux jouer avec la r\u00e9alit\u00e9, l&#8217;embellir, ou simplement capturer la beaut\u00e9 d&rsquo;un instant \u00e0 travers mon objectif.<\/p>\n<h2><span style=\"font-size: 18pt;\">Mon parcours de photographe professionnel de mariage<\/span><\/h2>\n<p>Mon voyage dans l&rsquo;univers de la photographie a \u00e9t\u00e9 riche d&rsquo;enseignements, de d\u00e9fis, mais surtout de moments de pur bonheur. Ce parcours m&rsquo;a permis de me d\u00e9couvrir, d&rsquo;affiner ma vision et de r\u00e9aliser que photographier, en tant que <a href=\"https:\/\/www.ilbstory.com\/photographe-professionnel-mariage-lyon.html\" target=\"_blank\" rel=\"noopener\">photographe professionnel<\/a> de mariage, est bien plus qu&rsquo;un m\u00e9tier : c&rsquo;est ma fa\u00e7on de vivre pleinement chaque jour.<\/p>\n<h2><span style=\"font-size: 18pt;\">Mon univers : Photographe de mariage<\/span><\/h2>\n<p>Mon style et mon approche se sont d\u00e9velopp\u00e9s au fil de mes inspirations, emprunt\u00e9es au cin\u00e9ma, \u00e0 l&rsquo;art en g\u00e9n\u00e9ral, et aux \u0153uvres des photographes que j&rsquo;admire. Je vous invite \u00e0 explorer mon univers \u00e0 travers mon site et mon blog, o\u00f9 chaque image et chaque texte est une fen\u00eatre ouverte sur ma vision du monde en tant que photographe de mariage professionnel.<\/p>\n<h2><span style=\"font-size: 18pt;\">Vous et moi : Une collaboration unique<\/span><\/h2>\n<p>Si mon approche de la photographie vous parle et que l&rsquo;id\u00e9e de travailler ensemble vous s\u00e9duit, je serais ravi de vous rencontrer autour d&rsquo;un caf\u00e9. Que ce soit pour discuter de votre projet de mariage \u00e0 Lyon ou simplement pour faire connaissance, prenez contact avec moi. Ensemble, nous pourrons capturer les moments qui comptent le plus pour vous, en immortalisant votre union dans la ville lumi\u00e8re avec une authenticit\u00e9 et une cr\u00e9ativit\u00e9 d\u00e9bordante.<\/p>\n<h2><span style=\"font-size: 18pt;\">Ma promesse : Plus qu&rsquo;une photographie<\/span><\/h2>\n<p>Je m&rsquo;engage \u00e0 vous offrir une exp\u00e9rience et un regard cr\u00e9atif, capturant vos instants les plus pr\u00e9cieux avec authenticit\u00e9 et sensibilit\u00e9 en tant que photographe de mariage. Mon but est de cr\u00e9er des images qui racontent votre histoire, qui saisissent l&rsquo;\u00e9motion et l&rsquo;instantan\u00e9it\u00e9 de la vie, pour que vous puissiez les ch\u00e9rir \u00e9ternellement.<\/p>\n<h2><span style=\"font-size: 18pt;\">\u00c0 travers l\u2019objectif d&rsquo;un photographe professionnel<\/span><\/h2>\n<p>En tant que photographe professionnel de mariage, mon objectif est de capturer non seulement les moments cl\u00e9s de votre journ\u00e9e sp\u00e9ciale mais aussi les \u00e9motions subtiles et les d\u00e9tails intimes qui font de votre mariage un \u00e9v\u00e9nement unique. Chaque sourire partag\u00e9, chaque larme de joie et chaque \u00e9change de regards sont immortalis\u00e9s avec une sensibilit\u00e9 artistique, t\u00e9moignant de l&rsquo;amour et de la complicit\u00e9 qui vous unissent. Mon approche se veut discr\u00e8te et attentive, permettant de cr\u00e9er des souvenirs authentiques qui retranscrivent votre personnalit\u00e9 et complicit\u00e9.<\/p>\n<h2><span style=\"font-size: 18pt;\">Une approche personnalis\u00e9e pour un mariage \u00e0 Lyon<\/span><\/h2>\n<p>Choisir le bon photographe de mariage signifie trouver quelqu&rsquo;un capable de comprendre vos d\u00e9sirs et de les traduire en images qui refl\u00e8tent v\u00e9ritablement votre personnalit\u00e9 et celle de votre \u00e9v\u00e9nement. Je consacre du temps \u00e0 la rencontre et \u00e0 l&rsquo;\u00e9change avec chaque couple, m&rsquo;assurant de personnaliser mon approche en fonction de vos pr\u00e9f\u00e9rences et de vos attentes. Cette personnalisation va au-del\u00e0 de la simple prise de vue, englobant le style de retouche, le choix des moments cl\u00e9s \u00e0 capturer, et la cr\u00e9ation d&rsquo;un album sur mesure.<\/p>\n<h2><span style=\"font-size: 18pt;\">Un engagement envers l&rsquo;excellence<\/span><\/h2>\n<p>En tant que photographe de mariage professionnel \u00e0 Lyon, je m&rsquo;engage \u00e0 offrir un service de la plus haute qualit\u00e9, depuis la pr\u00e9paration de votre grand jour jusqu&rsquo;\u00e0 la livraison des photos finales. Cet engagement se traduit par l&rsquo;utilisation de mat\u00e9riel photographique de pointe, une attention m\u00e9ticuleuse aux d\u00e9tails, et un d\u00e9vouement constant \u00e0 l&rsquo;art de la photographie. Mon but est de vous assurer que chaque fois que vous feuilletez votre album de mariage, les images vous transportent \u00e0 nouveau dans la magie de ce moment, avec la m\u00eame intensit\u00e9 et la m\u00eame \u00e9motion qu&rsquo;au premier jour.<\/p>\n<h2><span style=\"font-size: 18pt;\">Ilb Story photographe de mariage professionnel : L&rsquo;invitation au voyage<\/span><\/h2>\n<p>La photographie est pour moi un voyage sans fin \u00e0 la d\u00e9couverte de la lumi\u00e8re, des \u00e9motions, et des histoires humaines. En tant que photographe professionnel de mariage, je vous invite \u00e0 prendre part \u00e0 ce voyage, \u00e0 voir le monde \u00e0 travers mes photos, et \u00e0 d\u00e9couvrir ensemble la beaut\u00e9 cach\u00e9e dans les moments \u00e9ph\u00e9m\u00e8res de la vie.<\/p>\n<p>Votre confiance est un honneur, et votre satisfaction, mon ultime r\u00e9compense. Contactez moi, et ensemble, faisons de votre projet une r\u00e9alit\u00e9.[\/vc_column_text][\/vc_column][\/vc_row]<\/p>\n<\/div>","protected":false},"excerpt":{"rendered":"<p>[vc_row][vc_column][vc_custom_heading heading_semantic=\u00a0\u00bbh1&Prime; text_font=\u00a0\u00bbfont-169825&Prime; text_size=\u00a0\u00bbh1&Prime; uncode_shortcode_id=\u00a0\u00bb205459&Prime;] Ilbstory : Rencontre avec un photographe de mariage \u00e0 Lyon [\/vc_custom_heading][vc_custom_heading text_font=\u00a0\u00bbfont-169825&Prime; uncode_shortcode_id=\u00a0\u00bb189540&Prime;] Photographe mariage [&hellip;]<\/p>\n","protected":false},"author":1,"featured_media":0,"parent":0,"menu_order":0,"comment_status":"closed","ping_status":"open","template":"","meta":{"footnotes":""},"class_list":["post-787","page","type-page","status-publish","hentry"],"psp_head":"<title>Qui suis je - Photographe mariage \u2013 Photographe mariage lyon - Blog ILB Story<\/title>\r\n<meta name=\"description\" content=\"Une petite pr\u00e9sentation pour savoir qui se cache derri\u00e8re le photographe de mariage lyonnais ILB Story\" \/>\r\n<meta name=\"robots\" content=\"index,follow\" \/>\r\n<link rel=\"canonical\" href=\"https:\/\/www.ilbstory.com\/blog-photographe\/presentation\/\" \/>\r\n","_links":{"self":[{"href":"https:\/\/www.ilbstory.com\/blog-photographe\/wp-json\/wp\/v2\/pages\/787","targetHints":{"allow":["GET"]}}],"collection":[{"href":"https:\/\/www.ilbstory.com\/blog-photographe\/wp-json\/wp\/v2\/pages"}],"about":[{"href":"https:\/\/www.ilbstory.com\/blog-photographe\/wp-json\/wp\/v2\/types\/page"}],"author":[{"embeddable":true,"href":"https:\/\/www.ilbstory.com\/blog-photographe\/wp-json\/wp\/v2\/users\/1"}],"replies":[{"embeddable":true,"href":"https:\/\/www.ilbstory.com\/blog-photographe\/wp-json\/wp\/v2\/comments?post=787"}],"version-history":[{"count":22,"href":"https:\/\/www.ilbstory.com\/blog-photographe\/wp-json\/wp\/v2\/pages\/787\/revisions"}],"predecessor-version":[{"id":83774,"href":"https:\/\/www.ilbstory.com\/blog-photographe\/wp-json\/wp\/v2\/pages\/787\/revisions\/83774"}],"wp:attachment":[{"href":"https:\/\/www.ilbstory.com\/blog-photographe\/wp-json\/wp\/v2\/media?parent=787"}],"curies":[{"name":"wp","href":"https:\/\/api.w.org\/{rel}","templated":true}]}}