{"id":233,"date":"2013-09-16T22:49:24","date_gmt":"2013-09-16T20:49:24","guid":{"rendered":"http:\/\/www.ilbstory.com\/blog-photographe\/?page_id=233"},"modified":"2024-03-11T18:18:52","modified_gmt":"2024-03-11T17:18:52","slug":"les-meilleurs-professionnels","status":"publish","type":"page","link":"https:\/\/www.ilbstory.com\/blog-photographe\/les-meilleurs-professionnels\/","title":{"rendered":"Les meilleurs professionnels"},"content":{"rendered":"<div class=\"wpb-content-wrapper\"><p>[vc_row][vc_column width=\u00a0\u00bb1\/1&Prime;][vc_custom_heading heading_semantic=\u00a0\u00bbh1&Prime; text_font=\u00a0\u00bbfont-169825&Prime; text_size=\u00a0\u00bbh1&Prime; uncode_shortcode_id=\u00a0\u00bb913472&Prime;]<\/p>\n<h1>Les professionnels du mariage recommand\u00e9s par votre photographe de mariage \u00e0 Lyon<\/h1>\n<p>[\/vc_custom_heading][vc_custom_heading text_font=\u00a0\u00bbfont-555555&Prime; uncode_shortcode_id=\u00a0\u00bb175865&Prime;]<\/p>\n<h2><span style=\"font-size: 18pt;\">Bienvenue sur ma page d\u00e9di\u00e9e aux partenaires de mariage \u00e0 Lyon !<\/span><\/h2>\n<p>[\/vc_custom_heading][vc_column_text uncode_shortcode_id=\u00a0\u00bb176480&Prime;]En tant que <a href=\"https:\/\/www.ilbstory.com\/\" target=\"_blank\" rel=\"noopener\">photographe de mariage \u00e0 Lyon<\/a>, mon exp\u00e9rience ne se limite pas \u00e0 capturer les moments \u00e9ph\u00e9m\u00e8res d&rsquo;un jour si particulier. Elle m&rsquo;offre \u00e9galement l&rsquo;opportunit\u00e9 unique de c\u00f4toyer une multitude de talents dans l&rsquo;univers du mariage \u00e0 lyon. Cette page est n\u00e9e de l&rsquo;envie de partager avec vous, futurs mari\u00e9s, une s\u00e9lection rigoureuse de professionnels du mariage, dont le professionnalisme et le s\u00e9rieux ont \u00e9t\u00e9 \u00e9prouv\u00e9s sur le terrain.<\/p>\n<h2><strong>Pourquoi une page partenaire photographe de mariage ?<\/strong><\/h2>\n<p>La pr\u00e9paration d&rsquo;un mariage est une aventure merveilleuse, mais parfois complexe. Choisir les bons prestataires est crucial pour garantir le succ\u00e8s de votre journ\u00e9e. En tant que photographe, je suis souvent le t\u00e9moin privil\u00e9gi\u00e9 des coulisses de votre mariage, travaillant main dans la main avec d&rsquo;autres professionnels. C&rsquo;est pourquoi je me sens particuli\u00e8rement bien plac\u00e9 pour vous recommander des partenaires de confiance : ceux avec qui j&rsquo;ai collabor\u00e9 et qui ont fait leurs preuves.<\/p>\n<h2>Les avantages d&rsquo;une collaboration \u00e9troite avec un photographe de mariage<\/h2>\n<p>Les partenaires list\u00e9s ici ne sont pas seulement des prestataires ; ce sont des cr\u00e9ateurs d&rsquo;\u00e9motions, choisis pour leur capacit\u00e9 \u00e0 sublimer votre journ\u00e9e. Travailler avec des professionnels habitu\u00e9s \u00e0 collaborer ensemble facilite une harmonie et une coordination parfaites, essentielles pour un mariage sans accrocs. Pour vous, futurs mari\u00e9s, choisir parmi ces partenaires, c&rsquo;est s&rsquo;assurer une tranquillit\u00e9 d&rsquo;esprit et une journ\u00e9e c\u00e9l\u00e9br\u00e9e sans fausse note.<\/p>\n<h2>Qui sont ces partenaires ?<\/h2>\n<p>Des fleuristes aux vid\u00e9astes, en passant par les organisateurs d&rsquo;\u00e9v\u00e9nements et les fournisseurs de Photo Booth ou d&rsquo;accessoires de mariage, cette liste est le fruit de nombreuses collaborations r\u00e9ussies. Le crit\u00e8re de s\u00e9lection ? Le professionnalisme avant tout. Chaque professionnel recommand\u00e9 ici a fait ses preuves, non seulement dans la qualit\u00e9 de son travail mais aussi dans son engagement \u00e0 contribuer \u00e0 la r\u00e9ussite de mariages inoubliables.<\/p>\n<h2>Comment devenir partenaire ILB Story photographe de mariage \u00e0 Lyon ?<\/h2>\n<p>Si vous \u00eates un professionnel du mariage \u00e0 Lyon ou dans ses environs et que vous souhaitez figurer sur cette page, le processus est simple. Contactez moi par email ou par t\u00e9l\u00e9phone. L&rsquo;essentiel est que nous ayons eu l&rsquo;occasion de travailler ensemble ou que vous puissiez me pr\u00e9senter votre travail. Ainsi, je pourrai personnellement attester de votre qualit\u00e9 et de votre s\u00e9rieux.<\/p>\n<h2>La confiance avec votre photographe de mariage<\/h2>\n<p>Au-del\u00e0 de mon r\u00f4le de photographe, j&rsquo;agis en v\u00e9ritable partenaire pour les mari\u00e9s, les aidant \u00e0 naviguer dans l&rsquo;univers complexe des pr\u00e9paratifs de mariage. Ma recommandation est bas\u00e9e sur une exp\u00e9rience concr\u00e8te et une connaissance approfondie des acteurs du domaine. Je m&rsquo;engage \u00e0 ne vous proposer que des professionnels capables de faire de votre mariage un moment inoubliable.<\/p>\n<h2>L&rsquo;importance d&rsquo;une synergie entre prestataires<\/h2>\n<p>Cr\u00e9er une ambiance harmonieuse et une synergie parfaite entre les prestataires est le secret d&rsquo;un mariage r\u00e9ussi. Imaginez une journ\u00e9e o\u00f9 la musique, la d\u00e9coration, la lumi\u00e8re, et chaque d\u00e9tail s&rsquo;entrem\u00ealent pour cr\u00e9er une ambiance qui vous ressemble. En choisissant parmi les partenaires recommand\u00e9s, vous optez pour une \u00e9quipe habitu\u00e9e \u00e0 travailler ensemble, capable de communiquer et de s&rsquo;adapter en harmonie. Cette coordination est essentielle pour \u00e9viter les impr\u00e9vus et garantir une c\u00e9l\u00e9bration fluide et sans stress. C&rsquo;est cette alchimie entre les professionnels qui transforme une belle journ\u00e9e en un moment inoubliable.<\/p>\n<h2>ILB Story : Photographe de Mariage \u00e0 Lyon<\/h2>\n<p>La r\u00e9ussite de votre mariage repose sur le choix de partenaires fiables et talentueux. En vous recommandant des professionnels avec qui j&rsquo;ai eu le plaisir de collaborer, je souhaite vous aider \u00e0 cr\u00e9er une journ\u00e9e qui refl\u00e8te parfaitement vos envies et vos personnalit\u00e9s. Pour toute question ou pour d\u00e9buter une collaboration, n&rsquo;h\u00e9sitez pas \u00e0 me contacter. Ensemble, faisons de votre mariage une journ\u00e9e m\u00e9morable.[\/vc_column_text][\/vc_column][\/vc_row]<\/p>\n<\/div>","protected":false},"excerpt":{"rendered":"<p>[vc_row][vc_column width=\u00a0\u00bb1\/1&Prime;][vc_custom_heading heading_semantic=\u00a0\u00bbh1&Prime; text_font=\u00a0\u00bbfont-169825&Prime; text_size=\u00a0\u00bbh1&Prime; uncode_shortcode_id=\u00a0\u00bb913472&Prime;] Les professionnels du mariage recommand\u00e9s par votre photographe de mariage \u00e0 Lyon [\/vc_custom_heading][vc_custom_heading text_font=\u00a0\u00bbfont-555555&Prime; [&hellip;]<\/p>\n","protected":false},"author":1,"featured_media":0,"parent":0,"menu_order":0,"comment_status":"closed","ping_status":"open","template":"","meta":{"footnotes":""},"class_list":["post-233","page","type-page","status-publish","hentry"],"psp_head":"<title>Professionnels du mariage \u2013 Photographe mariage lyon - Blog ILB Story<\/title>\r\n<meta name=\"description\" content=\"Les meilleurs professionnels recommand\u00e9s par ILB Story pour vos achats ou vos choix de prestataires.\" \/>\r\n<meta name=\"robots\" content=\"index,follow\" \/>\r\n<link rel=\"canonical\" href=\"https:\/\/www.ilbstory.com\/blog-photographe\/les-meilleurs-professionnels\/\" \/>\r\n","_links":{"self":[{"href":"https:\/\/www.ilbstory.com\/blog-photographe\/wp-json\/wp\/v2\/pages\/233","targetHints":{"allow":["GET"]}}],"collection":[{"href":"https:\/\/www.ilbstory.com\/blog-photographe\/wp-json\/wp\/v2\/pages"}],"about":[{"href":"https:\/\/www.ilbstory.com\/blog-photographe\/wp-json\/wp\/v2\/types\/page"}],"author":[{"embeddable":true,"href":"https:\/\/www.ilbstory.com\/blog-photographe\/wp-json\/wp\/v2\/users\/1"}],"replies":[{"embeddable":true,"href":"https:\/\/www.ilbstory.com\/blog-photographe\/wp-json\/wp\/v2\/comments?post=233"}],"version-history":[{"count":101,"href":"https:\/\/www.ilbstory.com\/blog-photographe\/wp-json\/wp\/v2\/pages\/233\/revisions"}],"predecessor-version":[{"id":83776,"href":"https:\/\/www.ilbstory.com\/blog-photographe\/wp-json\/wp\/v2\/pages\/233\/revisions\/83776"}],"wp:attachment":[{"href":"https:\/\/www.ilbstory.com\/blog-photographe\/wp-json\/wp\/v2\/media?parent=233"}],"curies":[{"name":"wp","href":"https:\/\/api.w.org\/{rel}","templated":true}]}}